{"id":1409,"date":"2025-01-16T12:01:32","date_gmt":"2025-01-16T10:01:32","guid":{"rendered":"https:\/\/www.cellerbartolome.com\/els-nostres-vins-priorat\/clos-bartolome\/"},"modified":"2025-10-22T09:21:15","modified_gmt":"2025-10-22T07:21:15","slug":"clos-bartolome","status":"publish","type":"product","link":"https:\/\/www.cellerbartolome.com\/es\/nuestros-vinos-priorat\/clos-bartolome\/","title":{"rendered":"Clos Bartolom\u00e9 1900"},"content":{"rendered":"<p>Este tinto es el \u00faltimo fruto de los vi\u00f1edos centenarios del Celler Bartolom\u00e9 Se trata de un coupage de garnacha tinta y cari\u00f1ena de la cosecha 2021 procedentes de vi\u00f1edos viejos de 120 a\u00f1os. <\/p>\n<p>Toda la personalidad y car\u00e1cter del terru\u00f1o del \u201ctros\u201d de \u201cEl Griny\u00f3\u201d es el potencial y la frescura de las frutas rojas con ciertos tonos viol\u00e1ceos.<\/p>\n","protected":false},"excerpt":{"rendered":"<h2>Un legado vin\u00edcola de 120 a\u00f1os del Priorat<\/h2>\n<p>Clos Bartolom\u00e9 1900 es un vino tinto de la DOQ Priorat, elaborado con garnacha tinta y cari\u00f1ena de vi\u00f1edos centenarios del trozo \u201cEl Griny\u00f3\u201d. La vendimia manual y la crianza de 16 meses en barricas de roble franc\u00e9s aportan elegancia y complejidad.<\/p>\n","protected":false},"featured_media":1378,"comment_status":"open","ping_status":"closed","template":"","meta":{"_acf_changed":false,"_et_pb_use_builder":"","_et_pb_old_content":"","_et_gb_content_width":""},"product_brand":[],"product_cat":[69],"product_tag":[],"class_list":{"0":"post-1409","1":"product","2":"type-product","3":"status-publish","4":"has-post-thumbnail","6":"product_cat-vinos-priorat","8":"first","9":"instock","10":"shipping-taxable","11":"product-type-simple"},"acf":[],"_links":{"self":[{"href":"https:\/\/www.cellerbartolome.com\/es\/wp-json\/wp\/v2\/product\/1409","targetHints":{"allow":["GET"]}}],"collection":[{"href":"https:\/\/www.cellerbartolome.com\/es\/wp-json\/wp\/v2\/product"}],"about":[{"href":"https:\/\/www.cellerbartolome.com\/es\/wp-json\/wp\/v2\/types\/product"}],"replies":[{"embeddable":true,"href":"https:\/\/www.cellerbartolome.com\/es\/wp-json\/wp\/v2\/comments?post=1409"}],"wp:featuredmedia":[{"embeddable":true,"href":"https:\/\/www.cellerbartolome.com\/es\/wp-json\/wp\/v2\/media\/1378"}],"wp:attachment":[{"href":"https:\/\/www.cellerbartolome.com\/es\/wp-json\/wp\/v2\/media?parent=1409"}],"wp:term":[{"taxonomy":"product_brand","embeddable":true,"href":"https:\/\/www.cellerbartolome.com\/es\/wp-json\/wp\/v2\/product_brand?post=1409"},{"taxonomy":"product_cat","embeddable":true,"href":"https:\/\/www.cellerbartolome.com\/es\/wp-json\/wp\/v2\/product_cat?post=1409"},{"taxonomy":"product_tag","embeddable":true,"href":"https:\/\/www.cellerbartolome.com\/es\/wp-json\/wp\/v2\/product_tag?post=1409"}],"curies":[{"name":"wp","href":"https:\/\/api.w.org\/{rel}","templated":true}]}}