{"id":744,"date":"2024-07-24T14:03:31","date_gmt":"2024-07-24T12:03:31","guid":{"rendered":"https:\/\/www.cellerbartolome.com\/nuestros-vinos-priorat\/"},"modified":"2025-01-16T13:09:07","modified_gmt":"2025-01-16T11:09:07","slug":"nuestros-vinos-priorat","status":"publish","type":"page","link":"https:\/\/www.cellerbartolome.com\/es\/nuestros-vinos-priorat\/","title":{"rendered":"Nuestros vinos"},"content":{"rendered":"<p>[et_pb_section fb_built=\u00bb1&#8243; module_class=\u00bbscreen-reader-text\u00bb _builder_version=\u00bb4.27.0&#8243; _module_preset=\u00bbdefault\u00bb global_colors_info=\u00bb{}\u00bb][et_pb_row _builder_version=\u00bb4.27.0&#8243; _module_preset=\u00bbdefault\u00bb global_colors_info=\u00bb{}\u00bb][et_pb_column type=\u00bb4_4&#8243; _builder_version=\u00bb4.27.0&#8243; _module_preset=\u00bbdefault\u00bb global_colors_info=\u00bb{}\u00bb][et_pb_text _builder_version=\u00bb4.27.0&#8243; _module_preset=\u00bbdefault\u00bb global_colors_info=\u00bb{}\u00bb]<\/p>\n<h1>Descubre los vinos Priorat elaborados en Celler Bartolom\u00e9<\/h1>\n<p>[\/et_pb_text][\/et_pb_column][\/et_pb_row][\/et_pb_section][et_pb_section fb_built=\u00bb1&#8243; fullwidth=\u00bbon\u00bb _builder_version=\u00bb4.27.0&#8243; _module_preset=\u00bbdefault\u00bb global_colors_info=\u00bb{}\u00bb][et_pb_fullwidth_header title=\u00bbNuestros vinos\u00bb subhead=\u00bbVinos de terru\u00f1o \u00fanico\u00bb logo_image_url_last_edited=\u00bboff|desktop\u00bb _builder_version=\u00bb4.27.0&#8243; _module_preset=\u00bb7b22e0b5-1021-4013-a175-08f59e765a39&#8243; background_image=\u00bbhttps:\/\/www.cellerbartolome.com\/wp-content\/uploads\/2024\/08\/vins-priorat-celler-bartolome-vins-terrer.jpg\u00bb background_enable_image=\u00bbon\u00bb global_colors_info=\u00bb{}\u00bb][\/et_pb_fullwidth_header][\/et_pb_section][et_pb_section fb_built=\u00bb1&#8243; _builder_version=\u00bb4.27.0&#8243; _module_preset=\u00bbdefault\u00bb global_colors_info=\u00bb{}\u00bb][et_pb_row column_structure=\u00bb1_5,3_5,1_5&#8243; _builder_version=\u00bb4.27.0&#8243; _module_preset=\u00bbdefault\u00bb global_colors_info=\u00bb{}\u00bb][et_pb_column type=\u00bb1_5&#8243; _builder_version=\u00bb4.27.0&#8243; _module_preset=\u00bbdefault\u00bb global_colors_info=\u00bb{}\u00bb][\/et_pb_column][et_pb_column type=\u00bb3_5&#8243; _builder_version=\u00bb4.27.0&#8243; _module_preset=\u00bbdefault\u00bb global_colors_info=\u00bb{}\u00bb][et_pb_cta title=\u00bbCultura del vino\u00bb _builder_version=\u00bb4.27.0&#8243; _module_preset=\u00bbd95689d1-1d86-4e64-916b-78e9b180da0c\u00bb text_orientation=\u00bbcenter\u00bb global_colors_info=\u00bb{}\u00bb]<\/p>\n<h3>Vinos Priorat<br \/>con <em>identidad<\/em> propia<\/h3>\n<p>Celler Bartolom\u00e9 ejemplifica la tenacidad de las familias del Priorat en el cuidado de las viejas cepas, garantizando la excelente calidad de sus vinos. Cultivando variedades aut\u00f3ctonas como la garnacha y el cari\u00f1ena, generaci\u00f3n tras generaci\u00f3n, han producido vinos de renombre como \u00abPrimitiu de Bellmunt\u00bb y \u00abClos Bartolom\u00e9\u00bb. Desde 1997, crean vinos singulares y aut\u00e9nticos, respetando la tradici\u00f3n y comprometidos con la sostenibilidad.<\/p>\n<p>[\/et_pb_cta][\/et_pb_column][et_pb_column type=\u00bb1_5&#8243; _builder_version=\u00bb4.27.0&#8243; _module_preset=\u00bbdefault\u00bb global_colors_info=\u00bb{}\u00bb][\/et_pb_column][\/et_pb_row][et_pb_row column_structure=\u00bb1_4,1_4,1_4,1_4&#8243; use_custom_gutter=\u00bbon\u00bb gutter_width=\u00bb2&#8243; _builder_version=\u00bb4.27.0&#8243; _module_preset=\u00bbdefault\u00bb global_colors_info=\u00bb{}\u00bb][et_pb_column type=\u00bb1_4&#8243; _builder_version=\u00bb4.27.0&#8243; _module_preset=\u00bbdefault\u00bb global_colors_info=\u00bb{}\u00bb][et_pb_image src=\u00bbhttps:\/\/www.cellerbartolome.com\/wp-content\/uploads\/2024\/07\/clos-celler-bartolome-vi-negre-2018.jpg\u00bb alt=\u00bbBotella de Clos Bartolom\u00e9 2019, vinos Priorat elaborados con garnacha Priorat\u00bb title_text=\u00bbBotella de Clos Bartolom\u00e9 2019, vinos Priorat elaborados con garnacha Priorat\u00bb url=\u00bb@ET-DC@eyJkeW5hbWljIjp0cnVlLCJjb250ZW50IjoicG9zdF9saW5rX3VybF9wcm9kdWN0Iiwic2V0dGluZ3MiOnsicG9zdF9pZCI6IjI2NCIsImVuYWJsZV9odG1sIjoib2ZmIn19@\u00bb _builder_version=\u00bb4.27.0&#8243; _dynamic_attributes=\u00bburl\u00bb _module_preset=\u00bb46ae21a9-9cc2-4e2e-87e0-1cd7e82b3cd4&#8243; global_colors_info=\u00bb{}\u00bb][\/et_pb_image][\/et_pb_column][et_pb_column type=\u00bb1_4&#8243; _builder_version=\u00bb4.27.0&#8243; _module_preset=\u00bbdefault\u00bb global_colors_info=\u00bb{}\u00bb][et_pb_image src=\u00bbhttps:\/\/www.cellerbartolome.com\/wp-content\/uploads\/2024\/07\/clos-celler-bartolome-vi-blanc-2020.jpg\u00bb alt=\u00bbBotella de Clos Bartolom\u00e9 Blanc 2020, vinos Priorat elaborados con garnacha Priorat\u00bb title_text=\u00bbBotella de Clos Bartolom\u00e9 Blanc 2020, vinos Priorat elaborados con garnacha Priorat\u00bb url=\u00bb@ET-DC@eyJkeW5hbWljIjp0cnVlLCJjb250ZW50IjoicG9zdF9saW5rX3VybF9wcm9kdWN0Iiwic2V0dGluZ3MiOnsicG9zdF9pZCI6IjIwNiIsImVuYWJsZV9odG1sIjoib2ZmIn19@\u00bb _builder_version=\u00bb4.27.0&#8243; _dynamic_attributes=\u00bburl\u00bb _module_preset=\u00bb46ae21a9-9cc2-4e2e-87e0-1cd7e82b3cd4&#8243; animation_delay=\u00bb150ms\u00bb global_colors_info=\u00bb{}\u00bb][\/et_pb_image][\/et_pb_column][et_pb_column type=\u00bb1_4&#8243; _builder_version=\u00bb4.27.0&#8243; _module_preset=\u00bbdefault\u00bb global_colors_info=\u00bb{}\u00bb][et_pb_image src=\u00bbhttps:\/\/www.cellerbartolome.com\/wp-content\/uploads\/2024\/08\/primitiu-bellmunt-celler-bartolome-vi-negre.jpg\u00bb alt=\u00bbBotella de Primitivo de Bellmunt, vinos Priorat con garnacha Priorat\u00bb title_text=\u00bbBotella de Primitivo de Bellmunt, vinos Priorat con garnacha Priorat\u00bb url=\u00bb@ET-DC@eyJkeW5hbWljIjp0cnVlLCJjb250ZW50IjoicG9zdF9saW5rX3VybF9wcm9kdWN0Iiwic2V0dGluZ3MiOnsicG9zdF9pZCI6IjI2NSIsImVuYWJsZV9odG1sIjoib2ZmIn19@\u00bb _builder_version=\u00bb4.27.0&#8243; _dynamic_attributes=\u00bburl\u00bb _module_preset=\u00bb46ae21a9-9cc2-4e2e-87e0-1cd7e82b3cd4&#8243; animation_delay=\u00bb300ms\u00bb global_colors_info=\u00bb{}\u00bb][\/et_pb_image][\/et_pb_column][et_pb_column type=\u00bb1_4&#8243; _builder_version=\u00bb4.27.0&#8243; _module_preset=\u00bbdefault\u00bb global_colors_info=\u00bb{}\u00bb][et_pb_image src=\u00bbhttps:\/\/www.cellerbartolome.com\/wp-content\/uploads\/2025\/01\/clos-bartolome-1900-header.jpg\u00bb alt=\u00bbBotella de Primitivo de Bellmunt, vinos Priorat con garnacha Priorat\u00bb title_text=\u00bbclos-bartolome-1900-header\u00bb url=\u00bb@ET-DC@eyJkeW5hbWljIjp0cnVlLCJjb250ZW50IjoicG9zdF9saW5rX3VybF9wcm9kdWN0Iiwic2V0dGluZ3MiOnsicG9zdF9pZCI6IjEzNjYiLCJlbmFibGVfaHRtbCI6Im9mZiJ9fQ==@\u00bb _builder_version=\u00bb4.27.3&#8243; _dynamic_attributes=\u00bburl\u00bb _module_preset=\u00bb46ae21a9-9cc2-4e2e-87e0-1cd7e82b3cd4&#8243; animation_delay=\u00bb300ms\u00bb hover_enabled=\u00bb0&#8243; global_colors_info=\u00bb{}\u00bb sticky_enabled=\u00bb0&#8243;][\/et_pb_image][\/et_pb_column][\/et_pb_row][\/et_pb_section][et_pb_section fb_built=\u00bb1&#8243; custom_padding_last_edited=\u00bbon|tablet\u00bb _builder_version=\u00bb4.27.0&#8243; _module_preset=\u00bbdefault\u00bb background_color=\u00bb#9D5B29&#8243; use_background_color_gradient=\u00bbon\u00bb background_color_gradient_stops=\u00bb#9d5b29 0%|rgba(105,61,27,0.96) 75%|#9d5b29 100%\u00bb custom_padding_tablet=\u00bb||0px||false|false\u00bb custom_padding_phone=\u00bb||0px||false|false\u00bb saved_tabs=\u00bball\u00bb global_colors_info=\u00bb{}\u00bb][et_pb_row column_structure=\u00bb1_5,3_5,1_5&#8243; _builder_version=\u00bb4.27.0&#8243; _module_preset=\u00bbdefault\u00bb global_colors_info=\u00bb{}\u00bb][et_pb_column type=\u00bb1_5&#8243; _builder_version=\u00bb4.26.0&#8243; _module_preset=\u00bbdefault\u00bb global_colors_info=\u00bb{}\u00bb][\/et_pb_column][et_pb_column type=\u00bb3_5&#8243; _builder_version=\u00bb4.26.0&#8243; _module_preset=\u00bbdefault\u00bb global_colors_info=\u00bb{}\u00bb][et_pb_cta title=\u00bbVino del Priorat\u00bb _builder_version=\u00bb4.27.0&#8243; _module_preset=\u00bbd95689d1-1d86-4e64-916b-78e9b180da0c\u00bb text_orientation=\u00bbcenter\u00bb background_layout=\u00bbdark\u00bb custom_margin=\u00bb||0px||false|false\u00bb global_colors_info=\u00bb{}\u00bb]<\/p>\n<h3>Vinos de <em>terru\u00f1o<\/em> \u00fanicos<\/h3>\n<p>[\/et_pb_cta][et_pb_shop posts_number=\u00bb4&#8243; columns_number=\u00bb4&#8243; module_class=\u00bbet_pb_bg_layout_dark\u00bb _builder_version=\u00bb4.27.3&#8243; _module_preset=\u00bbdefault\u00bb text_orientation=\u00bbcenter\u00bb hover_enabled=\u00bb0&#8243; global_colors_info=\u00bb{}\u00bb sticky_enabled=\u00bb0&#8243;][\/et_pb_shop][\/et_pb_column][et_pb_column type=\u00bb1_5&#8243; _builder_version=\u00bb4.26.0&#8243; _module_preset=\u00bbdefault\u00bb global_colors_info=\u00bb{}\u00bb][\/et_pb_column][\/et_pb_row][\/et_pb_section][et_pb_section fb_built=\u00bb1&#8243; _builder_version=\u00bb4.26.0&#8243; _module_preset=\u00bbdefault\u00bb global_module=\u00bb286&#8243; saved_tabs=\u00bball\u00bb global_colors_info=\u00bb{}\u00bb][et_pb_row column_structure=\u00bb1_2,1_2&#8243; make_equal=\u00bbon\u00bb module_class=\u00bbcentrat\u00bb _builder_version=\u00bb4.27.0&#8243; _module_preset=\u00bbdefault\u00bb global_colors_info=\u00bb{}\u00bb][et_pb_column type=\u00bb1_2&#8243; _builder_version=\u00bb4.26.0&#8243; _module_preset=\u00bbdefault\u00bb global_colors_info=\u00bb{}\u00bb][et_pb_cta title=\u00bbVisitas y enoturismo Priorat\u00bb button_url=\u00bb@ET-DC@eyJkeW5hbWljIjp0cnVlLCJjb250ZW50IjoicG9zdF9saW5rX3VybF9wYWdlIiwic2V0dGluZ3MiOnsicG9zdF9pZCI6IjM1MiIsImVuYWJsZV9odG1sIjoib2ZmIn19@\u00bb button_text=\u00bbQuiero hacer una visita\u00bb _builder_version=\u00bb4.27.0&#8243; _dynamic_attributes=\u00bbbutton_url\u00bb _module_preset=\u00bbd95689d1-1d86-4e64-916b-78e9b180da0c\u00bb global_colors_info=\u00bb{}\u00bb]<\/p>\n<h3>Visita y descubre<br \/><em>Celler Bartolom\u00e9<br \/><\/em> en Bellmunt del Priorat<\/h3>\n<p>El Priorat es una tierra con fuerte identidad vin\u00edcola, donde la magia y la austeridad se combinan para crear una experiencia \u00fanica. Ven a explorar esta comarca m\u00edstica con sus tortuosas terrazas y laderas tapizadas de vi\u00f1edos centenarios. Los pueblos compactos y empinados, amparados por las majestuosas pe\u00f1as del Montsant, ofrecen un paisaje espectacular y una rica historia vin\u00edcola. Descubre la autenticidad y el sabor del Priorat con una visita inolvidable a Celler Bartolom\u00e9.<\/p>\n<p>[\/et_pb_cta][\/et_pb_column][et_pb_column type=\u00bb1_2&#8243; _builder_version=\u00bb4.26.0&#8243; _module_preset=\u00bbdefault\u00bb global_colors_info=\u00bb{}\u00bb][et_pb_image src=\u00bbhttps:\/\/www.cellerbartolome.com\/wp-content\/uploads\/2024\/08\/celler-bartolome-enoturisme-priorat-visites.jpg\u00bb alt=\u00bbTurismo enol\u00f3gico y enoturismo en el Priorat con Celler Bartolom\u00e9\u00bb title_text=\u00bbTurismo enol\u00f3gico y enoturismo en el Priorat con Celler Bartolom\u00e9\u00bb _builder_version=\u00bb4.27.0&#8243; _module_preset=\u00bbdefault\u00bb custom_css_free_form=\u00bb@media (min-width:981px){||  selector img {||    aspect-ratio:3\/4;||    object-fit:cover;||  }||}||@media (max-width:980px){||  selector img {||    aspect-ratio:4\/3;||    object-fit:cover;||  }||}\u00bb global_colors_info=\u00bb{}\u00bb][\/et_pb_image][\/et_pb_column][\/et_pb_row][\/et_pb_section]<\/p>\n","protected":false},"excerpt":{"rendered":"<p>Descubre los vinos Priorat elaborados en Celler Bartolom\u00e9Vinos Prioratcon identidad propia Celler Bartolom\u00e9 ejemplifica la tenacidad de las familias del Priorat en el cuidado de las viejas cepas, garantizando la excelente calidad de sus vinos. Cultivando variedades aut\u00f3ctonas como la garnacha y el cari\u00f1ena, generaci\u00f3n tras generaci\u00f3n, han producido vinos de renombre como \u00abPrimitiu de [&hellip;]<\/p>\n","protected":false},"author":1,"featured_media":0,"parent":0,"menu_order":0,"comment_status":"closed","ping_status":"closed","template":"","meta":{"_acf_changed":false,"_et_pb_use_builder":"on","_et_pb_old_content":"","_et_gb_content_width":"","footnotes":""},"class_list":["post-744","page","type-page","status-publish","hentry"],"acf":[],"_links":{"self":[{"href":"https:\/\/www.cellerbartolome.com\/es\/wp-json\/wp\/v2\/pages\/744","targetHints":{"allow":["GET"]}}],"collection":[{"href":"https:\/\/www.cellerbartolome.com\/es\/wp-json\/wp\/v2\/pages"}],"about":[{"href":"https:\/\/www.cellerbartolome.com\/es\/wp-json\/wp\/v2\/types\/page"}],"author":[{"embeddable":true,"href":"https:\/\/www.cellerbartolome.com\/es\/wp-json\/wp\/v2\/users\/1"}],"replies":[{"embeddable":true,"href":"https:\/\/www.cellerbartolome.com\/es\/wp-json\/wp\/v2\/comments?post=744"}],"version-history":[{"count":7,"href":"https:\/\/www.cellerbartolome.com\/es\/wp-json\/wp\/v2\/pages\/744\/revisions"}],"predecessor-version":[{"id":1402,"href":"https:\/\/www.cellerbartolome.com\/es\/wp-json\/wp\/v2\/pages\/744\/revisions\/1402"}],"wp:attachment":[{"href":"https:\/\/www.cellerbartolome.com\/es\/wp-json\/wp\/v2\/media?parent=744"}],"curies":[{"name":"wp","href":"https:\/\/api.w.org\/{rel}","templated":true}]}}