{"id":741,"date":"2024-07-24T14:01:33","date_gmt":"2024-07-24T12:01:33","guid":{"rendered":"https:\/\/www.cellerbartolome.com\/celler-bartolome\/"},"modified":"2025-01-16T13:08:51","modified_gmt":"2025-01-16T11:08:51","slug":"celler-bartolome","status":"publish","type":"page","link":"https:\/\/www.cellerbartolome.com\/es\/celler-bartolome\/","title":{"rendered":"Celler Bartolom\u00e9"},"content":{"rendered":"<p>[et_pb_section fb_built=\u00bb1&#8243; fullwidth=\u00bbon\u00bb _builder_version=\u00bb4.27.0&#8243; _module_preset=\u00bbdefault\u00bb global_colors_info=\u00bb{}\u00bb][et_pb_fullwidth_header title=\u00bbCeller Bartolom\u00e9\u00bb subhead=\u00bbTradici\u00f3n y cultura del vino en el Priorat\u00bb _builder_version=\u00bb4.27.3&#8243; _module_preset=\u00bb7b22e0b5-1021-4013-a175-08f59e765a39&#8243; background_image=\u00bbhttps:\/\/www.cellerbartolome.com\/wp-content\/uploads\/2024\/10\/celler-bartolome.jpg\u00bb background_enable_image=\u00bbon\u00bb background_position=\u00bbtop_center\u00bb hover_enabled=\u00bb0&#8243; global_colors_info=\u00bb{}\u00bb sticky_enabled=\u00bb0&#8243; title_level=\u00bbh1&#8243;][\/et_pb_fullwidth_header][\/et_pb_section][et_pb_section fb_built=\u00bb1&#8243; _builder_version=\u00bb4.27.0&#8243; _module_preset=\u00bbdefault\u00bb global_colors_info=\u00bb{}\u00bb][et_pb_row column_structure=\u00bb1_5,3_5,1_5&#8243; _builder_version=\u00bb4.27.0&#8243; _module_preset=\u00bbdefault\u00bb global_colors_info=\u00bb{}\u00bb][et_pb_column type=\u00bb1_5&#8243; _builder_version=\u00bb4.27.0&#8243; _module_preset=\u00bbdefault\u00bb global_colors_info=\u00bb{}\u00bb][\/et_pb_column][et_pb_column type=\u00bb3_5&#8243; _builder_version=\u00bb4.27.0&#8243; _module_preset=\u00bbdefault\u00bb global_colors_info=\u00bb{}\u00bb][et_pb_cta title=\u00bbBodega tradicional\u00bb button_text=\u00bbClick Here\u00bb _builder_version=\u00bb4.27.0&#8243; _module_preset=\u00bbd95689d1-1d86-4e64-916b-78e9b180da0c\u00bb text_orientation=\u00bbcenter\u00bb global_colors_info=\u00bb{}\u00bb]<\/p>\n<h3><em>Tenacidad<\/em> y respeto<br \/>por la tradici\u00f3n<\/h3>\n<p>Celler Bartolom\u00e9 ejemplifica la tenacidad de las familias del Priorat en el cuidado de las viejas cepas, garantizando la excelente calidad de sus vinos. Cultivando variedades aut\u00f3ctonas como la garnacha y el cari\u00f1ena, generaci\u00f3n tras generaci\u00f3n, han producido vinos de renombre como \u00abPrimitiu de Bellmunt\u00bb y \u00abClos Bartolom\u00e9\u00bb. Desde 1997, crean vinos singulares y aut\u00e9nticos, respetando la tradici\u00f3n y comprometidos con la sostenibilidad. La bodega se distingue por su atenci\u00f3n meticulosa a cada detalle del proceso de producci\u00f3n, desde el vi\u00f1edo hasta la botella, asegurando que cada vino refleje fielmente el car\u00e1cter \u00fanico del Priorat.<\/p>\n<p>[\/et_pb_cta][\/et_pb_column][et_pb_column type=\u00bb1_5&#8243; _builder_version=\u00bb4.27.0&#8243; _module_preset=\u00bbdefault\u00bb global_colors_info=\u00bb{}\u00bb][\/et_pb_column][\/et_pb_row][et_pb_row column_structure=\u00bb1_3,1_3,1_3&#8243; use_custom_gutter=\u00bbon\u00bb gutter_width=\u00bb2&#8243; _builder_version=\u00bb4.27.0&#8243; _module_preset=\u00bbdefault\u00bb global_colors_info=\u00bb{}\u00bb][et_pb_column type=\u00bb1_3&#8243; _builder_version=\u00bb4.27.0&#8243; _module_preset=\u00bbdefault\u00bb global_colors_info=\u00bb{}\u00bb][et_pb_image src=\u00bbhttps:\/\/www.cellerbartolome.com\/wp-content\/uploads\/2024\/08\/celler-bartolome-enoturisme.jpg\u00bb alt=\u00bbBurro trabajando la tierra en Celler Bartolom\u00e9, bodega tradicional en el Priorat\u00bb title_text=\u00bbBurro trabajando la tierra en Celler Bartolom\u00e9, bodega tradicional en el Priorat\u00bb _builder_version=\u00bb4.27.0&#8243; _module_preset=\u00bb46ae21a9-9cc2-4e2e-87e0-1cd7e82b3cd4&#8243; global_colors_info=\u00bb{}\u00bb][\/et_pb_image][\/et_pb_column][et_pb_column type=\u00bb1_3&#8243; _builder_version=\u00bb4.27.0&#8243; _module_preset=\u00bbdefault\u00bb global_colors_info=\u00bb{}\u00bb][et_pb_image src=\u00bbhttps:\/\/www.cellerbartolome.com\/wp-content\/uploads\/2024\/10\/celler-bartolome-1.jpg\u00bb alt=\u00bbceller Bartolom\u00e9\u00bb title_text=\u00bbceller Bartolom\u00e9\u00bb _builder_version=\u00bb4.27.0&#8243; _module_preset=\u00bb46ae21a9-9cc2-4e2e-87e0-1cd7e82b3cd4&#8243; animation_delay=\u00bb150ms\u00bb global_colors_info=\u00bb{}\u00bb][\/et_pb_image][\/et_pb_column][et_pb_column type=\u00bb1_3&#8243; _builder_version=\u00bb4.27.0&#8243; _module_preset=\u00bbdefault\u00bb global_colors_info=\u00bb{}\u00bb][et_pb_image src=\u00bbhttps:\/\/www.cellerbartolome.com\/wp-content\/uploads\/2024\/08\/celler-bartolome-vinya-priorat.jpg\u00bb title_text=\u00bbceller-bartolome-vi\u00f1a-priorat\u00bb _builder_version=\u00bb4.27.0&#8243; _module_preset=\u00bb46ae21a9-9cc2-4e2e-87e0-1cd7e82b3cd4&#8243; animation_delay=\u00bb300ms\u00bb global_colors_info=\u00bb{}\u00bb][\/et_pb_image][\/et_pb_column][\/et_pb_row][\/et_pb_section][et_pb_section fb_built=\u00bb1&#8243; _builder_version=\u00bb4.27.0&#8243; _module_preset=\u00bbdefault\u00bb global_colors_info=\u00bb{}\u00bb][et_pb_row column_structure=\u00bb1_5,3_5,1_5&#8243; _builder_version=\u00bb4.27.0&#8243; _module_preset=\u00bbdefault\u00bb global_colors_info=\u00bb{}\u00bb][et_pb_column type=\u00bb1_5&#8243; _builder_version=\u00bb4.27.0&#8243; _module_preset=\u00bbdefault\u00bb global_colors_info=\u00bb{}\u00bb][\/et_pb_column][et_pb_column type=\u00bb3_5&#8243; _builder_version=\u00bb4.27.0&#8243; _module_preset=\u00bbdefault\u00bb global_colors_info=\u00bb{}\u00bb][et_pb_cta title=\u00bbCepas centenarias\u00bb _builder_version=\u00bb4.27.0&#8243; _module_preset=\u00bbd95689d1-1d86-4e64-916b-78e9b180da0c\u00bb text_orientation=\u00bbcenter\u00bb global_colors_info=\u00bb{}\u00bb]<\/p>\n<h3>Las <em>parcelas<\/em> de<br \/>Celler Bartolom\u00e9<\/h3>\n<p>Los vi\u00f1edos, conocidos como parcelas, de Celler Bartolom\u00e9 se sit\u00faan en Bellmunt del Priorat y en el t\u00e9rmino del Lloar, el territorio del Priorat son aut\u00e9nticos tesoros en este paisaje caracter\u00edstico. Estos vi\u00f1edos centenarios son trabajados con t\u00e9cnicas tradicionales que han sido transmitidas de generaci\u00f3n en generaci\u00f3n, garantizando la preservaci\u00f3n de la biodiversidad local y la calidad de la uva. Las cepas centenarias producen uvas de alta calidad que da lugar a vinos con una expresi\u00f3n \u00fanica y aut\u00e9ntica del terroir del Priorat. El trabajo manual y el uso de herramientas tradicionales reflejan el compromiso de la bodega con la tradici\u00f3n y sostenibilidad.<\/p>\n<p>[\/et_pb_cta][\/et_pb_column][et_pb_column type=\u00bb1_5&#8243; _builder_version=\u00bb4.27.0&#8243; _module_preset=\u00bbdefault\u00bb global_colors_info=\u00bb{}\u00bb][\/et_pb_column][\/et_pb_row][et_pb_row _builder_version=\u00bb4.27.0&#8243; _module_preset=\u00bbdefault\u00bb width=\u00bb100%\u00bb width_last_edited=\u00bboff|desktop\u00bb max_width=\u00bb100%\u00bb global_colors_info=\u00bb{}\u00bb][et_pb_column type=\u00bb4_4&#8243; _builder_version=\u00bb4.27.0&#8243; _module_preset=\u00bbdefault\u00bb global_colors_info=\u00bb{}\u00bb][et_pb_image src=\u00bbhttps:\/\/www.cellerbartolome.com\/wp-content\/uploads\/2024\/08\/celler-bartolome-vinya-priorat-tradicional.jpg\u00bb title_text=\u00bbceller-bartolome-vi\u00f1a-priorat-tradicional\u00bb _builder_version=\u00bb4.27.0&#8243; _module_preset=\u00bbdefault\u00bb custom_css_free_form=\u00bbselector img {||  height:50vh!important;||  width:100%!important;||  object-fit:cover;||}\u00bb global_colors_info=\u00bb{}\u00bb][\/et_pb_image][\/et_pb_column][\/et_pb_row][\/et_pb_section][et_pb_section fb_built=\u00bb1&#8243; _builder_version=\u00bb4.27.0&#8243; _module_preset=\u00bbdefault\u00bb global_colors_info=\u00bb{}\u00bb][et_pb_row column_structure=\u00bb3_4,1_4&#8243; _builder_version=\u00bb4.27.0&#8243; _module_preset=\u00bbdefault\u00bb global_colors_info=\u00bb{}\u00bb][et_pb_column type=\u00bb3_4&#8243; _builder_version=\u00bb4.27.0&#8243; _module_preset=\u00bbdefault\u00bb global_colors_info=\u00bb{}\u00bb][et_pb_image src=\u00bbhttps:\/\/www.cellerbartolome.com\/wp-content\/uploads\/2024\/10\/celler-bartolome-vinyes-ubicacions-terrenys-2.svg\u00bb alt=\u00bbLas parcelas de la Bodega Bartolom\u00e9\u00bb title_text=\u00bbLas parcelas de Bodega Bartolom\u00e9 Mapa m\u00f3vil\u00bb src_tablet=\u00bbhttps:\/\/www.cellerbartolome.com\/wp-content\/uploads\/2024\/08\/celler-bartolome-vinyes-ubicacions-terrenys.svg\u00bb src_phone=\u00bbhttps:\/\/www.cellerbartolome.com\/wp-content\/uploads\/2024\/10\/Els-trossos-de-Celler-Bartolome-Mapa-mobil.svg\u00bb src_last_edited=\u00bbon|phone\u00bb _builder_version=\u00bb4.27.0&#8243; _module_preset=\u00bbdefault\u00bb global_colors_info=\u00bb{}\u00bb][\/et_pb_image][\/et_pb_column][et_pb_column type=\u00bb1_4&#8243; _builder_version=\u00bb4.27.0&#8243; _module_preset=\u00bbdefault\u00bb global_colors_info=\u00bb{}\u00bb][et_pb_text disabled_on=\u00bbon|on|off\u00bb _builder_version=\u00bb4.27.0&#8243; _module_preset=\u00bbdefault\u00bb global_colors_info=\u00bb{}\u00bb]<\/p>\n<ol>\n<li>Els Molins<\/li>\n<li>Griny\u00f3<\/li>\n<li>La Fornatxa<\/li>\n<li>Mas\u00eda del Caldera<\/li>\n<li>Els Tortells<\/li>\n<\/ol>\n<p>[\/et_pb_text][\/et_pb_column][\/et_pb_row][et_pb_row column_structure=\u00bb1_3,1_3,1_3&#8243; custom_padding_last_edited=\u00bboff|phone\u00bb _builder_version=\u00bb4.27.0&#8243; _module_preset=\u00bbdefault\u00bb custom_padding=\u00bb||||false|false\u00bb custom_padding_tablet=\u00bb||||false|false\u00bb custom_padding_phone=\u00bb||||false|false\u00bb global_colors_info=\u00bb{}\u00bb][et_pb_column type=\u00bb1_3&#8243; _builder_version=\u00bb4.27.0&#8243; _module_preset=\u00bbdefault\u00bb global_colors_info=\u00bb{}\u00bb][et_pb_blurb title=\u00bb1. Els Molins\u00bb _builder_version=\u00bb4.27.0&#8243; _module_preset=\u00bb5290c7ad-f3d3-4dba-9403-1b8058c27a6f\u00bb global_colors_info=\u00bb{}\u00bb]<\/p>\n<p>Anfiteatro natural de 6 hect\u00e1reas, a 200 metros de altura, con terreno pizarroso y de pizarra. 3 hect\u00e1reas de garnacha y 3 hect\u00e1reas de cari\u00f1ena, con antig\u00fcedades de 40 a 100 a\u00f1os. Rendimiento: 4.000 kg\/ha a 2.500 kg\/ha. Se elaboran Primitiu, Clos Bartolom\u00e9 y Clos Bartolom\u00e9 Blanc.<\/p>\n<p>[\/et_pb_blurb][\/et_pb_column][et_pb_column type=\u00bb1_3&#8243; _builder_version=\u00bb4.27.0&#8243; _module_preset=\u00bbdefault\u00bb global_colors_info=\u00bb{}\u00bb][et_pb_blurb title=\u00bb2. Els Tortells\u00bb _builder_version=\u00bb4.27.0&#8243; _module_preset=\u00bb5290c7ad-f3d3-4dba-9403-1b8058c27a6f\u00bb global_colors_info=\u00bb{}\u00bb]<\/p>\n<p>La finca est\u00e1 en el l\u00edmite del Priorat, entre el Lloar y el Molar, con vi\u00f1edos entre 300 y 400 metros de altura. Terrazas de piedra seca en forma de anfiteatro. Las tierras calizas dan a las uvas frescura y estructura. Hay 6 hect\u00e1reas de vi\u00f1edos de 30 a 80 a\u00f1os con Shiraz y Garnacha.<\/p>\n<p>[\/et_pb_blurb][\/et_pb_column][et_pb_column type=\u00bb1_3&#8243; _builder_version=\u00bb4.27.0&#8243; _module_preset=\u00bbdefault\u00bb global_colors_info=\u00bb{}\u00bb][et_pb_blurb title=\u00bb3. Griny\u00f3\u00bb _builder_version=\u00bb4.27.0&#8243; _module_preset=\u00bb5290c7ad-f3d3-4dba-9403-1b8058c27a6f\u00bb global_colors_info=\u00bb{}\u00bb]<\/p>\n<p>Vi\u00f1edo de 2 ha, con pendientes de hasta el 40%, donde la actividad se realiza con mula. A una altura de 200 metros de terreno pizarroso de pizarra de los tipos gres y pizarra carbon\u00edfera, las uvas son garnacha y cari\u00f1ena, con un rendimiento de 2.000 kg\/ha. Vi\u00f1edos de m\u00e1s de 120 a\u00f1os donde se elabora nuestro vino m\u00e1s selecto, pendiente de salir a mercado, en 1900.<\/p>\n<p>[\/et_pb_blurb][\/et_pb_column][\/et_pb_row][et_pb_row column_structure=\u00bb1_3,1_3,1_3&#8243; _builder_version=\u00bb4.27.0&#8243; _module_preset=\u00bbdefault\u00bb custom_padding=\u00bb0px|||||\u00bb global_colors_info=\u00bb{}\u00bb][et_pb_column type=\u00bb1_3&#8243; _builder_version=\u00bb4.27.0&#8243; _module_preset=\u00bbdefault\u00bb global_colors_info=\u00bb{}\u00bb][et_pb_blurb title=\u00bb4. Mas del Caldera\u00bb _builder_version=\u00bb4.27.0&#8243; _module_preset=\u00bb5290c7ad-f3d3-4dba-9403-1b8058c27a6f\u00bb global_colors_info=\u00bb{}\u00bb]Vi\u00f1edo centenario del Priorat, de 1,5 hect\u00e1reas, situado al fondo del t\u00e9rmino en unos terrenos pizarrosos de pizarra de los tipos gres y pizarra carbon\u00edfera. Fue replantado despu\u00e9s de la plaga de la filoxera y destaca por su bajo rendimiento, con una media de 300 gramos por cepa, de variedades Macabeo. De este vi\u00f1edo elaboramos el Clos Bartolom\u00e9 Blanc.[\/et_pb_blurb][\/et_pb_column][et_pb_column type=\u00bb1_3&#8243; _builder_version=\u00bb4.27.0&#8243; _module_preset=\u00bbdefault\u00bb global_colors_info=\u00bb{}\u00bb][et_pb_blurb title=\u00bb5. La Fornatxa\u00bb _builder_version=\u00bb4.27.0&#8243; _module_preset=\u00bb5290c7ad-f3d3-4dba-9403-1b8058c27a6f\u00bb global_colors_info=\u00bb{}\u00bb]Es un pedazo de bancales de pizarra de 2,5 hect\u00e1reas de garnacha y cari\u00f1ena, con un rendimiento de 4.000 kg\/ha. Tiene unas terrazas con vi\u00f1edos viejos de cari\u00f1ena de unos 70 a\u00f1os y garnacha de 30 a\u00f1os. Es un escenario perfecto en el que se encuentra nuestra bodega con unas espl\u00e9ndidas vistas al Parque Natural del Montsant y la Monta\u00f1a del Sarra\u00ed. De este vi\u00f1edo se elabora el Clos Bartolom\u00e9 negro.[\/et_pb_blurb][\/et_pb_column][et_pb_column type=\u00bb1_3&#8243; _builder_version=\u00bb4.27.0&#8243; _module_preset=\u00bbdefault\u00bb global_colors_info=\u00bb{}\u00bb][\/et_pb_column][\/et_pb_row][\/et_pb_section][et_pb_section fb_built=\u00bb1&#8243; _builder_version=\u00bb4.26.0&#8243; _module_preset=\u00bbdefault\u00bb global_module=\u00bb286&#8243; saved_tabs=\u00bball\u00bb global_colors_info=\u00bb{}\u00bb][et_pb_row column_structure=\u00bb1_2,1_2&#8243; make_equal=\u00bbon\u00bb module_class=\u00bbcentrat\u00bb _builder_version=\u00bb4.27.0&#8243; _module_preset=\u00bbdefault\u00bb global_colors_info=\u00bb{}\u00bb][et_pb_column type=\u00bb1_2&#8243; _builder_version=\u00bb4.26.0&#8243; _module_preset=\u00bbdefault\u00bb global_colors_info=\u00bb{}\u00bb][et_pb_cta title=\u00bbVisitas y enoturismo Priorat\u00bb button_url=\u00bb@ET-DC@eyJkeW5hbWljIjp0cnVlLCJjb250ZW50IjoicG9zdF9saW5rX3VybF9wYWdlIiwic2V0dGluZ3MiOnsicG9zdF9pZCI6IjM1MiIsImVuYWJsZV9odG1sIjoib2ZmIn19@\u00bb button_text=\u00bbQuiero hacer una visita\u00bb _builder_version=\u00bb4.27.0&#8243; _dynamic_attributes=\u00bbbutton_url\u00bb _module_preset=\u00bbd95689d1-1d86-4e64-916b-78e9b180da0c\u00bb global_colors_info=\u00bb{}\u00bb]<\/p>\n<h3>Visita y descubre<br \/><em>Celler Bartolom\u00e9<br \/><\/em> en Bellmunt del Priorat<\/h3>\n<p>El Priorat es una tierra con fuerte identidad vin\u00edcola, donde la magia y la austeridad se combinan para crear una experiencia \u00fanica. Ven a explorar esta comarca m\u00edstica con sus tortuosas terrazas y laderas tapizadas de vi\u00f1edos centenarios. Los pueblos compactos y empinados, amparados por las majestuosas pe\u00f1as del Montsant, ofrecen un paisaje espectacular y una rica historia vin\u00edcola. Descubre la autenticidad y el sabor del Priorat con una visita inolvidable a Celler Bartolom\u00e9.<\/p>\n<p>[\/et_pb_cta][\/et_pb_column][et_pb_column type=\u00bb1_2&#8243; _builder_version=\u00bb4.26.0&#8243; _module_preset=\u00bbdefault\u00bb global_colors_info=\u00bb{}\u00bb][et_pb_image src=\u00bbhttps:\/\/www.cellerbartolome.com\/wp-content\/uploads\/2024\/08\/celler-bartolome-enoturisme-priorat-visites.jpg\u00bb alt=\u00bbTurismo enol\u00f3gico y enoturismo en el Priorat con Celler Bartolom\u00e9\u00bb title_text=\u00bbTurismo enol\u00f3gico y enoturismo en el Priorat con Celler Bartolom\u00e9\u00bb _builder_version=\u00bb4.27.0&#8243; _module_preset=\u00bbdefault\u00bb custom_css_free_form=\u00bb@media (min-width:981px){||  selector img {||    aspect-ratio:3\/4;||    object-fit:cover;||  }||}||@media (max-width:980px){||  selector img {||    aspect-ratio:4\/3;||    object-fit:cover;||  }||}\u00bb global_colors_info=\u00bb{}\u00bb][\/et_pb_image][\/et_pb_column][\/et_pb_row][\/et_pb_section]<\/p>\n","protected":false},"excerpt":{"rendered":"<p>Tenacidad y respetopor la tradici\u00f3n Celler Bartolom\u00e9 ejemplifica la tenacidad de las familias del Priorat en el cuidado de las viejas cepas, garantizando la excelente calidad de sus vinos. Cultivando variedades aut\u00f3ctonas como la garnacha y el cari\u00f1ena, generaci\u00f3n tras generaci\u00f3n, han producido vinos de renombre como \u00abPrimitiu de Bellmunt\u00bb y \u00abClos Bartolom\u00e9\u00bb. Desde 1997, [&hellip;]<\/p>\n","protected":false},"author":1,"featured_media":0,"parent":0,"menu_order":0,"comment_status":"closed","ping_status":"closed","template":"","meta":{"_acf_changed":false,"_et_pb_use_builder":"on","_et_pb_old_content":"","_et_gb_content_width":"","footnotes":""},"class_list":["post-741","page","type-page","status-publish","hentry"],"acf":[],"_links":{"self":[{"href":"https:\/\/www.cellerbartolome.com\/es\/wp-json\/wp\/v2\/pages\/741","targetHints":{"allow":["GET"]}}],"collection":[{"href":"https:\/\/www.cellerbartolome.com\/es\/wp-json\/wp\/v2\/pages"}],"about":[{"href":"https:\/\/www.cellerbartolome.com\/es\/wp-json\/wp\/v2\/types\/page"}],"author":[{"embeddable":true,"href":"https:\/\/www.cellerbartolome.com\/es\/wp-json\/wp\/v2\/users\/1"}],"replies":[{"embeddable":true,"href":"https:\/\/www.cellerbartolome.com\/es\/wp-json\/wp\/v2\/comments?post=741"}],"version-history":[{"count":10,"href":"https:\/\/www.cellerbartolome.com\/es\/wp-json\/wp\/v2\/pages\/741\/revisions"}],"predecessor-version":[{"id":1399,"href":"https:\/\/www.cellerbartolome.com\/es\/wp-json\/wp\/v2\/pages\/741\/revisions\/1399"}],"wp:attachment":[{"href":"https:\/\/www.cellerbartolome.com\/es\/wp-json\/wp\/v2\/media?parent=741"}],"curies":[{"name":"wp","href":"https:\/\/api.w.org\/{rel}","templated":true}]}}