{"id":735,"date":"2024-07-03T13:35:16","date_gmt":"2024-07-03T11:35:16","guid":{"rendered":"https:\/\/www.cellerbartolome.com\/contacto-celler-priorat\/"},"modified":"2024-11-22T13:52:14","modified_gmt":"2024-11-22T11:52:14","slug":"contacto-celler-priorat","status":"publish","type":"page","link":"https:\/\/www.cellerbartolome.com\/es\/contacto-celler-priorat\/","title":{"rendered":"Contacto"},"content":{"rendered":"<p>[et_pb_section fb_built=\u00bb1&#8243; module_class=\u00bbscreen-reader-text\u00bb _builder_version=\u00bb4.27.0&#8243; _module_preset=\u00bbdefault\u00bb global_colors_info=\u00bb{}\u00bb][et_pb_row _builder_version=\u00bb4.27.0&#8243; _module_preset=\u00bbdefault\u00bb global_colors_info=\u00bb{}\u00bb][et_pb_column type=\u00bb4_4&#8243; _builder_version=\u00bb4.27.0&#8243; _module_preset=\u00bbdefault\u00bb global_colors_info=\u00bb{}\u00bb][et_pb_text _builder_version=\u00bb4.27.3&#8243; _module_preset=\u00bbdefault\u00bb hover_enabled=\u00bb0&#8243; global_colors_info=\u00bb{}\u00bb sticky_enabled=\u00bb0&#8243;]<\/p>\n<h1>Vino del Priorat y experiencias \u00fanicas en el Celler Bartolom\u00e9<\/h1>\n<p>[\/et_pb_text][\/et_pb_column][\/et_pb_row][\/et_pb_section][et_pb_section fb_built=\u00bb1&#8243; fullwidth=\u00bbon\u00bb _builder_version=\u00bb4.27.0&#8243; _module_preset=\u00bbdefault\u00bb global_colors_info=\u00bb{}\u00bb][et_pb_fullwidth_header title=\u00bbContacta con Celler Bartolom\u00e9\u00bb subhead=\u00bbEncu\u00e9ntranos en Bellmunt del Priorat\u00bb _builder_version=\u00bb4.27.3&#8243; _module_preset=\u00bbbe560590-28e9-41af-a601-e7edcf7e5041&#8243; title_level=\u00bbh2&#8243; background_layout=\u00bblight\u00bb custom_padding=\u00bb60px||||false|false\u00bb animation_style=\u00bbslide\u00bb animation_direction=\u00bbtop\u00bb global_colors_info=\u00bb{}\u00bb]<\/p>\n<p>A Celler Bartolom\u00e9, siempre estamos dispuestos a compartir nuestra pasi\u00f3n por el vino y nuestra experiencia en el mundo vitivin\u00edcola. Si tienes preguntas sobre nuestros productos, quieres conocer m\u00e1s sobre nuestras t\u00e9cnicas de cultivo tradicionales o simplemente deseas programar una visita, no dudes en ponerte en contacto con nosotros. Nuestro equipo estar\u00e1 encantado de asistirte en todo lo que necesites.<\/p>\n<p>[\/et_pb_fullwidth_header][\/et_pb_section][et_pb_section fb_built=\u00bb1&#8243; _builder_version=\u00bb4.26.0&#8243; _module_preset=\u00bbdefault\u00bb custom_padding=\u00bb0px||0px|||\u00bb global_colors_info=\u00bb{}\u00bb][et_pb_row column_structure=\u00bb3_5,2_5&#8243; _builder_version=\u00bb4.26.0&#8243; _module_preset=\u00bbdefault\u00bb global_colors_info=\u00bb{}\u00bb][et_pb_column type=\u00bb3_5&#8243; _builder_version=\u00bb4.26.0&#8243; _module_preset=\u00bbdefault\u00bb global_colors_info=\u00bb{}\u00bb][et_pb_text _builder_version=\u00bb4.27.3&#8243; _module_preset=\u00bbdefault\u00bb header_2_font=\u00bb|||on|||||\u00bb header_2_font_size=\u00bb28px\u00bb global_colors_info=\u00bb{}\u00bb]<\/p>\n<h2 style=\"font-family: Fustat; margin-bottom: 15px; font-size: 16px; font-weight: 400;\">Contacta con nosotros<\/h2>\n<script type=\"text\/javascript\">\n\/* <![CDATA[ *\/\nvar gform;gform||(document.addEventListener(\"gform_main_scripts_loaded\",function(){gform.scriptsLoaded=!0}),document.addEventListener(\"gform\/theme\/scripts_loaded\",function(){gform.themeScriptsLoaded=!0}),window.addEventListener(\"DOMContentLoaded\",function(){gform.domLoaded=!0}),gform={domLoaded:!1,scriptsLoaded:!1,themeScriptsLoaded:!1,isFormEditor:()=>\"function\"==typeof InitializeEditor,callIfLoaded:function(o){return!(!gform.domLoaded||!gform.scriptsLoaded||!gform.themeScriptsLoaded&&!gform.isFormEditor()||(gform.isFormEditor()&&console.warn(\"The use of gform.initializeOnLoaded() is deprecated in the form editor context and will be removed in Gravity Forms 3.1.\"),o(),0))},initializeOnLoaded:function(o){gform.callIfLoaded(o)||(document.addEventListener(\"gform_main_scripts_loaded\",()=>{gform.scriptsLoaded=!0,gform.callIfLoaded(o)}),document.addEventListener(\"gform\/theme\/scripts_loaded\",()=>{gform.themeScriptsLoaded=!0,gform.callIfLoaded(o)}),window.addEventListener(\"DOMContentLoaded\",()=>{gform.domLoaded=!0,gform.callIfLoaded(o)}))},hooks:{action:{},filter:{}},addAction:function(o,r,e,t){gform.addHook(\"action\",o,r,e,t)},addFilter:function(o,r,e,t){gform.addHook(\"filter\",o,r,e,t)},doAction:function(o){gform.doHook(\"action\",o,arguments)},applyFilters:function(o){return gform.doHook(\"filter\",o,arguments)},removeAction:function(o,r){gform.removeHook(\"action\",o,r)},removeFilter:function(o,r,e){gform.removeHook(\"filter\",o,r,e)},addHook:function(o,r,e,t,n){null==gform.hooks[o][r]&&(gform.hooks[o][r]=[]);var d=gform.hooks[o][r];null==n&&(n=r+\"_\"+d.length),gform.hooks[o][r].push({tag:n,callable:e,priority:t=null==t?10:t})},doHook:function(r,o,e){var t;if(e=Array.prototype.slice.call(e,1),null!=gform.hooks[r][o]&&((o=gform.hooks[r][o]).sort(function(o,r){return o.priority-r.priority}),o.forEach(function(o){\"function\"!=typeof(t=o.callable)&&(t=window[t]),\"action\"==r?t.apply(null,e):e[0]=t.apply(null,e)})),\"filter\"==r)return e[0]},removeHook:function(o,r,t,n){var e;null!=gform.hooks[o][r]&&(e=(e=gform.hooks[o][r]).filter(function(o,r,e){return!!(null!=n&&n!=o.tag||null!=t&&t!=o.priority)}),gform.hooks[o][r]=e)}});\n\/* ]]> *\/\n<\/script>\n\n                <div class='gf_browser_gecko gform_wrapper gravity-theme gform-theme--no-framework contact-form_wrapper' data-form-theme='gravity-theme' data-form-index='0' id='gform_wrapper_6' ><div id='gf_6' class='gform_anchor' tabindex='-1'><\/div>\n                        <div class='gform_heading'>\n\t\t\t\t\t\t\t<p class='gform_required_legend'>&quot;<span class=\"gfield_required gfield_required_asterisk\">*<\/span>&quot; se\u00f1ala los campos obligatorios<\/p>\n                        <\/div><form method='post' enctype='multipart\/form-data' target='gform_ajax_frame_6' id='gform_6' class='contact-form' action='\/es\/wp-json\/wp\/v2\/pages\/735#gf_6' data-formid='6' novalidate><div class='gf_invisible ginput_recaptchav3' data-sitekey='6LdjuIYqAAAAALSTbcF_H5HT1G8NiJfFfgpo_MdG' data-tabindex='0'><input id=\"input_4a79835752d484794e1f1310d08e6042\" class=\"gfield_recaptcha_response\" type=\"hidden\" name=\"input_4a79835752d484794e1f1310d08e6042\" value=\"\"\/><\/div>\n                        <div class='gform-body gform_body'><div id='gform_fields_6' class='gform_fields top_label form_sublabel_below description_above validation_below'><div id=\"field_6_1\" class=\"gfield gfield--type-text gfield--input-type-text gfield--width-half gfield_contains_required field_sublabel_below gfield--no-description field_description_above field_validation_below gfield_visibility_visible\"  ><label class='gfield_label gform-field-label' for='input_6_1'>Nombre<span class=\"gfield_required\"><span class=\"gfield_required gfield_required_asterisk\">*<\/span><\/span><\/label><div class='ginput_container ginput_container_text'><input name='input_1' id='input_6_1' type='text' value='' class='large'     aria-required=\"true\" aria-invalid=\"false\"   \/><\/div><\/div><div id=\"field_6_3\" class=\"gfield gfield--type-text gfield--input-type-text gfield--width-half field_sublabel_below gfield--no-description field_description_above field_validation_below gfield_visibility_visible\"  ><label class='gfield_label gform-field-label' for='input_6_3'>Apellidos<\/label><div class='ginput_container ginput_container_text'><input name='input_3' id='input_6_3' type='text' value='' class='large'      aria-invalid=\"false\"   \/><\/div><\/div><div id=\"field_6_4\" class=\"gfield gfield--type-email gfield--input-type-email gfield--width-half gfield_contains_required field_sublabel_below gfield--no-description field_description_above field_validation_below gfield_visibility_visible\"  ><label class='gfield_label gform-field-label' for='input_6_4'>Correo electr\u00f3nico<span class=\"gfield_required\"><span class=\"gfield_required gfield_required_asterisk\">*<\/span><\/span><\/label><div class='ginput_container ginput_container_email'>\n                            <input name='input_4' id='input_6_4' type='email' value='' class='large'    aria-required=\"true\" aria-invalid=\"false\"  \/>\n                        <\/div><\/div><div id=\"field_6_5\" class=\"gfield gfield--type-phone gfield--input-type-phone gfield--width-half gfield_contains_required field_sublabel_below gfield--no-description field_description_above field_validation_below gfield_visibility_visible\"  ><label class='gfield_label gform-field-label' for='input_6_5'>Tel\u00e9fono<span class=\"gfield_required\"><span class=\"gfield_required gfield_required_asterisk\">*<\/span><\/span><\/label><div class='ginput_container ginput_container_phone'><input name='input_5' id='input_6_5' type='tel' value='' class='large'   aria-required=\"true\" aria-invalid=\"false\"   \/><\/div><\/div><div id=\"field_6_6\" class=\"gfield gfield--type-text gfield--input-type-text gfield--width-half gfield_contains_required field_sublabel_below gfield--no-description field_description_above field_validation_below gfield_visibility_visible\"  ><label class='gfield_label gform-field-label' for='input_6_6'>Pa\u00eds<span class=\"gfield_required\"><span class=\"gfield_required gfield_required_asterisk\">*<\/span><\/span><\/label><div class='ginput_container ginput_container_text'><input name='input_6' id='input_6_6' type='text' value='' class='large'     aria-required=\"true\" aria-invalid=\"false\"   \/><\/div><\/div><div id=\"field_6_7\" class=\"gfield gfield--type-text gfield--input-type-text gfield--width-half field_sublabel_below gfield--no-description field_description_above field_validation_below gfield_visibility_visible\"  ><label class='gfield_label gform-field-label' for='input_6_7'>Provincia<\/label><div class='ginput_container ginput_container_text'><input name='input_7' id='input_6_7' type='text' value='' class='large'      aria-invalid=\"false\"   \/><\/div><\/div><div id=\"field_6_8\" class=\"gfield gfield--type-textarea gfield--input-type-textarea gfield_contains_required field_sublabel_below gfield--no-description field_description_above field_validation_below gfield_visibility_visible\"  ><label class='gfield_label gform-field-label' for='input_6_8'>Mensaje<span class=\"gfield_required\"><span class=\"gfield_required gfield_required_asterisk\">*<\/span><\/span><\/label><div class='ginput_container ginput_container_textarea'><textarea name='input_8' id='input_6_8' class='textarea small'     aria-required=\"true\" aria-invalid=\"false\"   rows='10' cols='50'><\/textarea><\/div><\/div><fieldset id=\"field_6_9\" class=\"gfield gfield--type-consent gfield--type-choice gfield--input-type-consent gfield_contains_required field_sublabel_below gfield--no-description field_description_above field_validation_below gfield_visibility_visible\"  ><legend class='gfield_label gform-field-label gfield_label_before_complex' >Env\u00edo de datos<span class=\"gfield_required\"><span class=\"gfield_required gfield_required_asterisk\">*<\/span><\/span><\/legend><div class='ginput_container ginput_container_consent'><input name='input_9.1' id='input_6_9_1' type='checkbox' value='1'   aria-required=\"true\" aria-invalid=\"false\"   \/> <label class=\"gform-field-label gform-field-label--type-inline gfield_consent_label\" for='input_6_9_1' >Consiento el env\u00edo de datos.<\/label><input type='hidden' name='input_9.2' value='Consiento el env\u00edo de datos.' class='gform_hidden' \/><input type='hidden' name='input_9.3' value='9' class='gform_hidden' \/><\/div><\/fieldset><fieldset id=\"field_6_10\" class=\"gfield gfield--type-consent gfield--type-choice gfield--input-type-consent gfield_contains_required field_sublabel_below gfield--has-description field_description_above field_validation_below gfield_visibility_visible\"  ><legend class='gfield_label gform-field-label gfield_label_before_complex' >Pol\u00edtica de privacidad<span class=\"gfield_required\"><span class=\"gfield_required gfield_required_asterisk\">*<\/span><\/span><\/legend><div class='gfield_description gfield_consent_description' id='gfield_consent_description_6_10' tabindex='0'><strong>INFORMACI\u00d3N B\u00c1SICA DE PROTECCI\u00d3N DE DATOS<\/strong><br \/>\n<strong>Responsable del tratamiento:<\/strong> Priorat Centenari SL<br \/>\n<strong>Finalidad del tratamiento:<\/strong> Mantener una relaci\u00f3n con el usuario.<br \/>\n<strong>Legitimaci\u00f3n del tratamiento:<\/strong> Inter\u00e9s leg\u00edtimo y consentimiento del interesado\/ada.<br \/>\n<strong>Conservaci\u00f3n de los datos:<\/strong> Se conservar\u00e1n durante el tiempo que haya un inter\u00e9s mutuo o durante el tiempo que sea necesario para cumplir con las obligaciones legales.<br \/>\n<strong>Derechos:<\/strong> Derecho a retirar el consentimiento en cualquier momento. Derecho de acceso, rectificaci\u00f3n y portabilidad y supresi\u00f3n de vuestros datos y de la limitaci\u00f3n u oposici\u00f3n al tratamiento.<br \/>\n<strong>Datos de contacto para ejercer sus derechos:<\/strong> <a href=\"mailto:info@cellerbartolome.com\">info@cellerbartolome.com<\/a>.<br \/>\n<strong>Informaci\u00f3n adicional:<\/strong> Pod\u00e9is encontrar m\u00e1s informaci\u00f3n en nuestra <a href=\"https:\/\/www.cellerbartolome.com\/es\/politica-privacidad\/\" target=\"_blank\">pol\u00edtica de privacidad<\/a>.<\/div><div class='ginput_container ginput_container_consent'><input name='input_10.1' id='input_6_10_1' type='checkbox' value='1'  aria-describedby=\"gfield_consent_description_6_10\" aria-required=\"true\" aria-invalid=\"false\"   \/> <label class=\"gform-field-label gform-field-label--type-inline gfield_consent_label\" for='input_6_10_1' >He le\u00eddo y acepto la pol\u00edtica de privacidad<\/label><input type='hidden' name='input_10.2' value='He le\u00eddo y acepto la pol\u00edtica de privacidad' class='gform_hidden' \/><input type='hidden' name='input_10.3' value='9' class='gform_hidden' \/><\/div><\/fieldset><div id=\"field_6_11\" class=\"gfield gfield--type-html gfield--input-type-html gfield--width-full gfield_html gfield_html_formatted field_sublabel_below gfield--no-description field_description_above field_validation_below gfield_visibility_visible\"  ><p style=\"font-size: 10px; line-height: 1;\">Este sitio est\u00e1 protegido por reCAPTCHA y aplica la <a href=\"https:\/\/policies.google.com\/privacy\" target=\"_blank\" rel=\"noopener\">pol\u00edtica de privacidad<\/a> y las <a href=\"https:\/\/policies.google.com\/terms\" target=\"_blank\" rel=\"noopener\">condiciones de servicio<\/a> de Google.<\/p><\/div><\/div><\/div>\n        <div class='gform-footer gform_footer top_label'> <input type='submit' id='gform_submit_button_6' class='gform_button button' onclick='gform.submission.handleButtonClick(this);' data-submission-type='submit' value='Enviar'  \/> <input type='hidden' name='gform_ajax' value='form_id=6&amp;title=&amp;description=&amp;tabindex=0&amp;theme=gravity-theme&amp;styles=[]&amp;hash=0663ea5849fa51b4dc40d3ed156c04c4' \/>\n            <input type='hidden' class='gform_hidden' name='gform_submission_method' data-js='gform_submission_method_6' value='iframe' \/>\n            <input type='hidden' class='gform_hidden' name='gform_theme' data-js='gform_theme_6' id='gform_theme_6' value='gravity-theme' \/>\n            <input type='hidden' class='gform_hidden' name='gform_style_settings' data-js='gform_style_settings_6' id='gform_style_settings_6' value='[]' \/>\n            <input type='hidden' class='gform_hidden' name='is_submit_6' value='1' \/>\n            <input type='hidden' class='gform_hidden' name='gform_submit' value='6' \/>\n            \n            <input type='hidden' class='gform_hidden' name='gform_unique_id' value='' \/>\n            <input type='hidden' class='gform_hidden' name='state_6' value='WyJ7XCI5LjFcIjpcImEwNjlmMzNmZGY1YmI2YjE1ZmU1ZGE4ZTQxNmY4NTMzXCIsXCI5LjJcIjpcImQ1MmM0YjVlYjAxYTc4NzY4ZjgzNDNjYjJhMmQ5MWE4XCIsXCI5LjNcIjpcIjBiMDRjMzJiYWRhNjk0YjlmYmJlZTk5ZGQ5MGU0YzcwXCIsXCIxMC4xXCI6XCJhMDY5ZjMzZmRmNWJiNmIxNWZlNWRhOGU0MTZmODUzM1wiLFwiMTAuMlwiOlwiZTA5YjI0YzJmNzYwNjUxYWI4MTEwZmQ0YzY3MDg4NDRcIixcIjEwLjNcIjpcIjBiMDRjMzJiYWRhNjk0YjlmYmJlZTk5ZGQ5MGU0YzcwXCJ9IiwiOTIyZGVlNTkzMjhjMTAwZDZmZTBhNmY1NjBmNjEyNjciXQ==' \/>\n            <input type='hidden' autocomplete='off' class='gform_hidden' name='gform_target_page_number_6' id='gform_target_page_number_6' value='0' \/>\n            <input type='hidden' autocomplete='off' class='gform_hidden' name='gform_source_page_number_6' id='gform_source_page_number_6' value='1' \/>\n            <input type='hidden' name='gform_field_values' value='' \/>\n            \n        <\/div>\n                        <\/form>\n                        <\/div>\n\t\t                <iframe style='display:none;width:0px;height:0px;' src='about:blank' name='gform_ajax_frame_6' id='gform_ajax_frame_6' title='Este iframe contiene la l\u00f3gica necesaria para gestionar formularios con ajax activado.'><\/iframe>\n\t\t                <script type=\"text\/javascript\">\n\/* <![CDATA[ *\/\n gform.initializeOnLoaded( function() {gformInitSpinner( 6, 'https:\/\/www.cellerbartolome.com\/wp-content\/plugins\/gravityforms\/images\/spinner.svg', true );jQuery('#gform_ajax_frame_6').on('load',function(){var contents = jQuery(this).contents().find('*').html();var is_postback = contents.indexOf('GF_AJAX_POSTBACK') >= 0;if(!is_postback){return;}var form_content = jQuery(this).contents().find('#gform_wrapper_6');var is_confirmation = jQuery(this).contents().find('#gform_confirmation_wrapper_6').length > 0;var is_redirect = contents.indexOf('gformRedirect(){') >= 0;var is_form = form_content.length > 0 && ! is_redirect && ! is_confirmation;var mt = parseInt(jQuery('html').css('margin-top'), 10) + parseInt(jQuery('body').css('margin-top'), 10) + 100;if(is_form){jQuery('#gform_wrapper_6').html(form_content.html());if(form_content.hasClass('gform_validation_error')){jQuery('#gform_wrapper_6').addClass('gform_validation_error');} else {jQuery('#gform_wrapper_6').removeClass('gform_validation_error');}setTimeout( function() { \/* delay the scroll by 50 milliseconds to fix a bug in chrome *\/ jQuery(document).scrollTop(jQuery('#gform_wrapper_6').offset().top - mt); }, 50 );if(window['gformInitDatepicker']) {gformInitDatepicker();}if(window['gformInitPriceFields']) {gformInitPriceFields();}var current_page = jQuery('#gform_source_page_number_6').val();gformInitSpinner( 6, 'https:\/\/www.cellerbartolome.com\/wp-content\/plugins\/gravityforms\/images\/spinner.svg', true );jQuery(document).trigger('gform_page_loaded', [6, current_page]);window['gf_submitting_6'] = false;}else if(!is_redirect){var confirmation_content = jQuery(this).contents().find('.GF_AJAX_POSTBACK').html();if(!confirmation_content){confirmation_content = contents;}jQuery('#gform_wrapper_6').replaceWith(confirmation_content);jQuery(document).scrollTop(jQuery('#gf_6').offset().top - mt);jQuery(document).trigger('gform_confirmation_loaded', [6]);window['gf_submitting_6'] = false;wp.a11y.speak(jQuery('#gform_confirmation_message_6').text());}else{jQuery('#gform_6').append(contents);if(window['gformRedirect']) {gformRedirect();}}jQuery(document).trigger(\"gform_pre_post_render\", [{ formId: \"6\", currentPage: \"current_page\", abort: function() { this.preventDefault(); } }]);        if (event && event.defaultPrevented) {                return;        }        const gformWrapperDiv = document.getElementById( \"gform_wrapper_6\" );        if ( gformWrapperDiv ) {            const visibilitySpan = document.createElement( \"span\" );            visibilitySpan.id = \"gform_visibility_test_6\";            gformWrapperDiv.insertAdjacentElement( \"afterend\", visibilitySpan );        }        const visibilityTestDiv = document.getElementById( \"gform_visibility_test_6\" );        let postRenderFired = false;        function triggerPostRender() {            if ( postRenderFired ) {                return;            }            postRenderFired = true;            gform.core.triggerPostRenderEvents( 6, current_page );            if ( visibilityTestDiv ) {                visibilityTestDiv.parentNode.removeChild( visibilityTestDiv );            }        }        function debounce( func, wait, immediate ) {            var timeout;            return function() {                var context = this, args = arguments;                var later = function() {                    timeout = null;                    if ( !immediate ) func.apply( context, args );                };                var callNow = immediate && !timeout;                clearTimeout( timeout );                timeout = setTimeout( later, wait );                if ( callNow ) func.apply( context, args );            };        }        const debouncedTriggerPostRender = debounce( function() {            triggerPostRender();        }, 200 );        if ( visibilityTestDiv && visibilityTestDiv.offsetParent === null ) {            const observer = new MutationObserver( ( mutations ) => {                mutations.forEach( ( mutation ) => {                    if ( mutation.type === 'attributes' && visibilityTestDiv.offsetParent !== null ) {                        debouncedTriggerPostRender();                        observer.disconnect();                    }                });            });            observer.observe( document.body, {                attributes: true,                childList: false,                subtree: true,                attributeFilter: [ 'style', 'class' ],            });        } else {            triggerPostRender();        }    } );} ); \n\/* ]]> *\/\n<\/script>\n\n<p>[\/et_pb_text][\/et_pb_column][et_pb_column type=\u00bb2_5&#8243; _builder_version=\u00bb4.26.0&#8243; _module_preset=\u00bbdefault\u00bb global_colors_info=\u00bb{}\u00bb][et_pb_text _builder_version=\u00bb4.27.3&#8243; _module_preset=\u00bbdefault\u00bb header_2_font=\u00bb|||on|||||\u00bb header_2_font_size=\u00bb28px\u00bb global_colors_info=\u00bb{}\u00bb]<\/p>\n<p>Puedes rellenar el formulario, llamarnos o enviarnos un correo electr\u00f3nico. Nos comprometemos a responderte lo antes posible.<\/p>\n<p>[\/et_pb_text][et_pb_blurb image=\u00bbhttps:\/\/www.cellerbartolome.com\/wp-content\/uploads\/2024\/08\/direccio-celler-bartolome-contacte-priorat.svg\u00bb _builder_version=\u00bb4.27.0&#8243; _module_preset=\u00bbdefault\u00bb animation_style=\u00bbslide\u00bb animation_direction=\u00bbright\u00bb global_colors_info=\u00bb{}\u00bb]<a href=\"https:\/\/www.google.com\/maps\/place\/CELLER+BARTOLOM%C3%89\/@41.164574,0.7642898,17z\/data=!3m1!4b1!4m6!3m5!1s0x12a131cec53f4139:0xe6639305558000a3!8m2!3d41.16457!4d0.7668701!16s%2Fg%2F11fy4gmts2?entry=ttu\" target=\"_blank\" rel=\"noopener\">Calle Mayor, 23<\/a><br \/>\n<a href=\"https:\/\/www.google.com\/maps\/place\/CELLER+BARTOLOM%C3%89\/@41.164574,0.7642898,17z\/data=!3m1!4b1!4m6!3m5!1s0x12a131cec53f4139:0xe6639305558000a3!8m2!3d41.16457!4d0.7668701!16s%2Fg%2F11fy4gmts2?entry=ttu\" target=\"_blank\" rel=\"noopener\">43738 Bellmunt del Priorat<\/a><br \/>\n<a href=\"https:\/\/www.google.com\/maps\/place\/CELLER+BARTOLOM%C3%89\/@41.164574,0.7642898,17z\/data=!3m1!4b1!4m6!3m5!1s0x12a131cec53f4139:0xe6639305558000a3!8m2!3d41.16457!4d0.7668701!16s%2Fg%2F11fy4gmts2?entry=ttu\" target=\"_blank\" rel=\"noopener\">Tarragona<\/a>[\/et_pb_blurb][et_pb_blurb image=\u00bbhttps:\/\/www.cellerbartolome.com\/wp-content\/uploads\/2024\/08\/telefon-celler-bartolome-contacte-priorat.svg\u00bb _builder_version=\u00bb4.27.0&#8243; _module_preset=\u00bbdefault\u00bb animation_style=\u00bbslide\u00bb animation_direction=\u00bbright\u00bb global_colors_info=\u00bb{}\u00bb]T: <a href=\"tel:977830632\">977 830 632<\/a><br \/>\nM: <a href=\"tel:616478581\">616 47 85 81<\/a>[\/et_pb_blurb][et_pb_blurb image=\u00bbhttps:\/\/www.cellerbartolome.com\/wp-content\/uploads\/2024\/08\/correu-celler-bartolome-contacte-priorat.svg\u00bb _builder_version=\u00bb4.27.0&#8243; _module_preset=\u00bbdefault\u00bb animation_style=\u00bbslide\u00bb animation_direction=\u00bbright\u00bb global_colors_info=\u00bb{}\u00bb]<\/p>\n<p><a href=\"mailto:info@cellerbartolome.com\">info@cellerbartolome.com<\/a><\/p>\n<p>[\/et_pb_blurb][\/et_pb_column][\/et_pb_row][\/et_pb_section][et_pb_section fb_built=\u00bb1&#8243; _builder_version=\u00bb4.26.0&#8243; _module_preset=\u00bbdefault\u00bb global_module=\u00bb288&#8243; saved_tabs=\u00bball\u00bb global_colors_info=\u00bb{}\u00bb][et_pb_row _builder_version=\u00bb4.26.0&#8243; _module_preset=\u00bbdefault\u00bb global_colors_info=\u00bb{}\u00bb][et_pb_column type=\u00bb4_4&#8243; _builder_version=\u00bb4.26.0&#8243; _module_preset=\u00bbdefault\u00bb global_colors_info=\u00bb{}\u00bb][et_pb_text _builder_version=\u00bb4.27.0&#8243; _module_preset=\u00bbdefault\u00bb custom_margin=\u00bb||0px||false|false\u00bb custom_margin_tablet=\u00bb\u00bb custom_margin_phone=\u00bb||30px||false|false\u00bb custom_margin_last_edited=\u00bbon|phone\u00bb global_colors_info=\u00bb{}\u00bb]<\/p>\n<h2>Encu\u00e9ntranos en el coraz\u00f3n<br \/>del <em>Priorat<\/em><\/h2>\n<p>[\/et_pb_text][et_pb_image src=\u00bbhttps:\/\/www.cellerbartolome.com\/wp-content\/uploads\/2024\/07\/mapa-celler-bartolome-priorat.svg\u00bb alt=\u00bbMapa de localizaci\u00f3n de Celler Bartolom\u00e9 en el Priorat\u00bb title_text=\u00bbMapa de localizaci\u00f3n de Celler Bartolom\u00e9 en el Priorat\u00bb src_tablet=\u00bb\u00bb src_phone=\u00bbhttps:\/\/www.cellerbartolome.com\/wp-content\/uploads\/2024\/08\/mapa-mobil-celler-bartolome-priorat.svg\u00bb src_last_edited=\u00bbon|phone\u00bb _builder_version=\u00bb4.27.0&#8243; _module_preset=\u00bbdefault\u00bb global_colors_info=\u00bb{}\u00bb][\/et_pb_image][\/et_pb_column][\/et_pb_row][\/et_pb_section]<\/p>\n","protected":false},"excerpt":{"rendered":"<p>Vino del Priorat y experiencias \u00fanicas en el Celler Bartolom\u00e9A Celler Bartolom\u00e9, siempre estamos dispuestos a compartir nuestra pasi\u00f3n por el vino y nuestra experiencia en el mundo vitivin\u00edcola. Si tienes preguntas sobre nuestros productos, quieres conocer m\u00e1s sobre nuestras t\u00e9cnicas de cultivo tradicionales o simplemente deseas programar una visita, no dudes en ponerte en [&hellip;]<\/p>\n","protected":false},"author":1,"featured_media":0,"parent":0,"menu_order":0,"comment_status":"closed","ping_status":"closed","template":"","meta":{"_acf_changed":false,"_et_pb_use_builder":"on","_et_pb_old_content":"","_et_gb_content_width":"","footnotes":""},"class_list":["post-735","page","type-page","status-publish","hentry"],"acf":[],"_links":{"self":[{"href":"https:\/\/www.cellerbartolome.com\/es\/wp-json\/wp\/v2\/pages\/735","targetHints":{"allow":["GET"]}}],"collection":[{"href":"https:\/\/www.cellerbartolome.com\/es\/wp-json\/wp\/v2\/pages"}],"about":[{"href":"https:\/\/www.cellerbartolome.com\/es\/wp-json\/wp\/v2\/types\/page"}],"author":[{"embeddable":true,"href":"https:\/\/www.cellerbartolome.com\/es\/wp-json\/wp\/v2\/users\/1"}],"replies":[{"embeddable":true,"href":"https:\/\/www.cellerbartolome.com\/es\/wp-json\/wp\/v2\/comments?post=735"}],"version-history":[{"count":8,"href":"https:\/\/www.cellerbartolome.com\/es\/wp-json\/wp\/v2\/pages\/735\/revisions"}],"predecessor-version":[{"id":1291,"href":"https:\/\/www.cellerbartolome.com\/es\/wp-json\/wp\/v2\/pages\/735\/revisions\/1291"}],"wp:attachment":[{"href":"https:\/\/www.cellerbartolome.com\/es\/wp-json\/wp\/v2\/media?parent=735"}],"curies":[{"name":"wp","href":"https:\/\/api.w.org\/{rel}","templated":true}]}}