{"id":23,"date":"2024-07-02T12:54:07","date_gmt":"2024-07-02T10:54:07","guid":{"rendered":"https:\/\/www.cellerbartolome.com\/inicio\/"},"modified":"2025-01-16T12:14:45","modified_gmt":"2025-01-16T10:14:45","slug":"inicio","status":"publish","type":"page","link":"https:\/\/www.cellerbartolome.com\/es\/","title":{"rendered":"Inicio"},"content":{"rendered":"<p>[et_pb_section fb_built=\u00bb1&#8243; module_class=\u00bbscreen-reader-text\u00bb _builder_version=\u00bb4.27.0&#8243; _module_preset=\u00bbdefault\u00bb global_colors_info=\u00bb{}\u00bb][et_pb_row _builder_version=\u00bb4.27.0&#8243; _module_preset=\u00bbdefault\u00bb global_colors_info=\u00bb{}\u00bb][et_pb_column type=\u00bb4_4&#8243; _builder_version=\u00bb4.27.0&#8243; _module_preset=\u00bbdefault\u00bb global_colors_info=\u00bb{}\u00bb][et_pb_text _builder_version=\u00bb4.27.0&#8243; _module_preset=\u00bbdefault\u00bb global_colors_info=\u00bb{}\u00bb]<\/p>\n<h1>Vino del Priorat y experiencias \u00fanicas en el Celler Bartolom\u00e9<\/h1>\n<p>[\/et_pb_text][\/et_pb_column][\/et_pb_row][\/et_pb_section][et_pb_section fb_built=\u00bb1&#8243; fullwidth=\u00bbon\u00bb _builder_version=\u00bb4.27.0&#8243; _module_preset=\u00bbdefault\u00bb global_colors_info=\u00bb{}\u00bb][et_pb_fullwidth_header title=\u00bbLa esencia del Priorat\u00bb subhead=\u00bbVinos nacidos entre vi\u00f1edos centenarios\u00bb _builder_version=\u00bb4.27.3&#8243; _module_preset=\u00bba39fc5cc-a31d-4763-b984-3b0f6bb864ea\u00bb title_level=\u00bbh1&#8243; global_colors_info=\u00bb{}\u00bb][\/et_pb_fullwidth_header][\/et_pb_section][et_pb_section fb_built=\u00bb1&#8243; _builder_version=\u00bb4.26.0&#8243; _module_preset=\u00bbdefault\u00bb global_colors_info=\u00bb{}\u00bb][et_pb_row column_structure=\u00bb1_5,3_5,1_5&#8243; _builder_version=\u00bb4.27.0&#8243; _module_preset=\u00bbdefault\u00bb global_colors_info=\u00bb{}\u00bb][et_pb_column type=\u00bb1_5&#8243; _builder_version=\u00bb4.26.0&#8243; _module_preset=\u00bbdefault\u00bb global_colors_info=\u00bb{}\u00bb][\/et_pb_column][et_pb_column type=\u00bb3_5&#8243; _builder_version=\u00bb4.26.0&#8243; _module_preset=\u00bbdefault\u00bb global_colors_info=\u00bb{}\u00bb][et_pb_text _builder_version=\u00bb4.27.0&#8243; _module_preset=\u00bbdefault\u00bb text_orientation=\u00bbcenter\u00bb global_colors_info=\u00bb{}\u00bb]<\/p>\n<h2>Vi\u00f1edos <em>centenarios<\/em> en terreno de terrazas <em>imposibles<\/em><\/h2>\n<p>El Priorat es una tierra con una fuerte identidad vin\u00edcola, m\u00edstica, austera, de orograf\u00eda compleja, aislada, con tortuosas terrazas y laderas tapizadas de vi\u00f1edos. Pueblos compactos, empinadas, bajo el amparo de las pe\u00f1as del Montsant.<\/p>\n<p>[\/et_pb_text][\/et_pb_column][et_pb_column type=\u00bb1_5&#8243; _builder_version=\u00bb4.26.0&#8243; _module_preset=\u00bbdefault\u00bb global_colors_info=\u00bb{}\u00bb][\/et_pb_column][\/et_pb_row][et_pb_row _builder_version=\u00bb4.26.0&#8243; _module_preset=\u00bbdefault\u00bb global_colors_info=\u00bb{}\u00bb][et_pb_column type=\u00bb4_4&#8243; _builder_version=\u00bb4.26.0&#8243; _module_preset=\u00bbdefault\u00bb global_colors_info=\u00bb{}\u00bb][et_pb_image src=\u00bbhttps:\/\/www.cellerbartolome.com\/wp-content\/uploads\/2024\/08\/celler-bartolome-vinyes-centenaries-priorat.jpg\u00bb alt=\u00bbVino del priorato y experiencias \u00fanicas en la bodega Bartolom\u00e9\u00bb title_text=\u00bbVino del priorato y experiencias \u00fanicas en la bodega Bartolom\u00e9\u00bb _builder_version=\u00bb4.27.0&#8243; _module_preset=\u00bbdefault\u00bb custom_css_free_form=\u00bb@media (min-width:981px){||  selector img {||    object-fit:cover;||    aspect-ratio:8\/3;||    ||  }||}||@media (max-width:980px){||  selector img {||    aspect-ratio:1\/1;||    object-fit:cover;||  }||}\u00bb global_colors_info=\u00bb{}\u00bb][\/et_pb_image][\/et_pb_column][\/et_pb_row][\/et_pb_section][et_pb_section fb_built=\u00bb1&#8243; custom_padding_last_edited=\u00bbon|tablet\u00bb _builder_version=\u00bb4.27.0&#8243; _module_preset=\u00bbdefault\u00bb background_color=\u00bb#9D5B29&#8243; use_background_color_gradient=\u00bbon\u00bb background_color_gradient_stops=\u00bb#9d5b29 0%|rgba(105,61,27,0.96) 75%|#9d5b29 100%\u00bb custom_padding_tablet=\u00bb||0px||false|false\u00bb custom_padding_phone=\u00bb||0px||false|false\u00bb global_module=\u00bb283&#8243; saved_tabs=\u00bball\u00bb global_colors_info=\u00bb{}\u00bb][et_pb_row column_structure=\u00bb1_5,3_5,1_5&#8243; _builder_version=\u00bb4.27.0&#8243; _module_preset=\u00bbdefault\u00bb global_colors_info=\u00bb{}\u00bb][et_pb_column type=\u00bb1_5&#8243; _builder_version=\u00bb4.26.0&#8243; _module_preset=\u00bbdefault\u00bb global_colors_info=\u00bb{}\u00bb][\/et_pb_column][et_pb_column type=\u00bb3_5&#8243; _builder_version=\u00bb4.26.0&#8243; _module_preset=\u00bbdefault\u00bb global_colors_info=\u00bb{}\u00bb][et_pb_cta title=\u00bbVino del Priorat\u00bb _builder_version=\u00bb4.27.0&#8243; _module_preset=\u00bbd95689d1-1d86-4e64-916b-78e9b180da0c\u00bb text_orientation=\u00bbcenter\u00bb background_layout=\u00bbdark\u00bb custom_margin=\u00bb||0px||false|false\u00bb global_colors_info=\u00bb{}\u00bb]<\/p>\n<h3>Vinos de <em>terru\u00f1o<\/em> \u00fanicos<\/h3>\n<p>[\/et_pb_cta][et_pb_shop posts_number=\u00bb4&#8243; columns_number=\u00bb4&#8243; module_class=\u00bbet_pb_bg_layout_dark\u00bb _builder_version=\u00bb4.27.3&#8243; _module_preset=\u00bbdefault\u00bb text_orientation=\u00bbcenter\u00bb hover_enabled=\u00bb0&#8243; global_colors_info=\u00bb{}\u00bb sticky_enabled=\u00bb0&#8243;][\/et_pb_shop][et_pb_button button_url=\u00bb@ET-DC@eyJkeW5hbWljIjp0cnVlLCJjb250ZW50IjoicG9zdF9saW5rX3VybF9wYWdlIiwic2V0dGluZ3MiOnsicG9zdF9pZCI6IjM0MyJ9fQ==@\u00bb button_text=\u00bbTodos los vinos\u00bb button_alignment=\u00bbcenter\u00bb disabled_on=\u00bboff|off|on\u00bb _builder_version=\u00bb4.27.0&#8243; _dynamic_attributes=\u00bbbutton_url\u00bb _module_preset=\u00bbdefault\u00bb background_layout=\u00bbdark\u00bb global_colors_info=\u00bb{}\u00bb][\/et_pb_button][\/et_pb_column][et_pb_column type=\u00bb1_5&#8243; _builder_version=\u00bb4.26.0&#8243; _module_preset=\u00bbdefault\u00bb global_colors_info=\u00bb{}\u00bb][\/et_pb_column][\/et_pb_row][\/et_pb_section][et_pb_section fb_built=\u00bb1&#8243; _builder_version=\u00bb4.26.0&#8243; _module_preset=\u00bbdefault\u00bb global_module=\u00bb286&#8243; saved_tabs=\u00bball\u00bb global_colors_info=\u00bb{}\u00bb][et_pb_row column_structure=\u00bb1_2,1_2&#8243; make_equal=\u00bbon\u00bb module_class=\u00bbcentrat\u00bb _builder_version=\u00bb4.27.0&#8243; _module_preset=\u00bbdefault\u00bb global_colors_info=\u00bb{}\u00bb][et_pb_column type=\u00bb1_2&#8243; _builder_version=\u00bb4.26.0&#8243; _module_preset=\u00bbdefault\u00bb global_colors_info=\u00bb{}\u00bb][et_pb_cta title=\u00bbVisitas y enoturismo Priorat\u00bb button_url=\u00bb@ET-DC@eyJkeW5hbWljIjp0cnVlLCJjb250ZW50IjoicG9zdF9saW5rX3VybF9wYWdlIiwic2V0dGluZ3MiOnsicG9zdF9pZCI6IjM1MiJ9fQ==@\u00bb button_text=\u00bbQuiero hacer una visita\u00bb _builder_version=\u00bb4.27.0&#8243; _dynamic_attributes=\u00bbbutton_url\u00bb _module_preset=\u00bbd95689d1-1d86-4e64-916b-78e9b180da0c\u00bb global_colors_info=\u00bb{}\u00bb]<\/p>\n<h3>Visita y descubre<br \/><em>Celler Bartolom\u00e9<br \/><\/em> en Bellmunt del Priorat<\/h3>\n<p>El Priorat es una tierra con fuerte identidad vin\u00edcola, donde la magia y la austeridad se combinan para crear una experiencia \u00fanica. Ven a explorar esta comarca m\u00edstica con sus tortuosas terrazas y laderas tapizadas de vi\u00f1edos centenarios. Los pueblos compactos y empinados, amparados por las majestuosas pe\u00f1as del Montsant, ofrecen un paisaje espectacular y una rica historia vin\u00edcola. Descubre la autenticidad y el sabor del Priorat con una visita inolvidable a Celler Bartolom\u00e9.<\/p>\n<p>[\/et_pb_cta][\/et_pb_column][et_pb_column type=\u00bb1_2&#8243; _builder_version=\u00bb4.26.0&#8243; _module_preset=\u00bbdefault\u00bb global_colors_info=\u00bb{}\u00bb][et_pb_image src=\u00bbhttps:\/\/www.cellerbartolome.com\/wp-content\/uploads\/2024\/08\/celler-bartolome-enoturisme-priorat-visites.jpg\u00bb alt=\u00bbTurismo enol\u00f3gico y enoturismo en el Priorat con Celler Bartolom\u00e9\u00bb title_text=\u00bbTurismo enol\u00f3gico y enoturismo en el Priorat con Celler Bartolom\u00e9\u00bb _builder_version=\u00bb4.27.0&#8243; _module_preset=\u00bbdefault\u00bb custom_css_free_form=\u00bb@media (min-width:981px){||  selector img {||    aspect-ratio:3\/4;||    object-fit:cover;||  }||}||@media (max-width:980px){||  selector img {||    aspect-ratio:4\/3;||    object-fit:cover;||  }||}\u00bb global_colors_info=\u00bb{}\u00bb][\/et_pb_image][\/et_pb_column][\/et_pb_row][\/et_pb_section][et_pb_section fb_built=\u00bb1&#8243; _builder_version=\u00bb4.26.0&#8243; _module_preset=\u00bbdefault\u00bb global_module=\u00bb288&#8243; saved_tabs=\u00bball\u00bb global_colors_info=\u00bb{}\u00bb][et_pb_row _builder_version=\u00bb4.26.0&#8243; _module_preset=\u00bbdefault\u00bb global_colors_info=\u00bb{}\u00bb][et_pb_column type=\u00bb4_4&#8243; _builder_version=\u00bb4.26.0&#8243; _module_preset=\u00bbdefault\u00bb global_colors_info=\u00bb{}\u00bb][et_pb_text _builder_version=\u00bb4.27.0&#8243; _module_preset=\u00bbdefault\u00bb custom_margin=\u00bb||0px||false|false\u00bb custom_margin_tablet=\u00bb\u00bb custom_margin_phone=\u00bb||30px||false|false\u00bb custom_margin_last_edited=\u00bbon|phone\u00bb global_colors_info=\u00bb{}\u00bb]<\/p>\n<h2>Encu\u00e9ntranos en el coraz\u00f3n<br \/>del <em>Priorat<\/em><\/h2>\n<p>[\/et_pb_text][et_pb_image src=\u00bbhttps:\/\/www.cellerbartolome.com\/wp-content\/uploads\/2024\/07\/mapa-celler-bartolome-priorat.svg\u00bb alt=\u00bbMapa de localizaci\u00f3n de Celler Bartolom\u00e9 en el Priorat\u00bb title_text=\u00bbMapa de localizaci\u00f3n de Celler Bartolom\u00e9 en el Priorat\u00bb src_tablet=\u00bb\u00bb src_phone=\u00bbhttps:\/\/www.cellerbartolome.com\/wp-content\/uploads\/2024\/08\/mapa-mobil-celler-bartolome-priorat.svg\u00bb src_last_edited=\u00bbon|phone\u00bb _builder_version=\u00bb4.27.0&#8243; _module_preset=\u00bbdefault\u00bb global_colors_info=\u00bb{}\u00bb][\/et_pb_image][\/et_pb_column][\/et_pb_row][\/et_pb_section]<\/p>\n","protected":false},"excerpt":{"rendered":"<p>Vino del Priorat y experiencias \u00fanicas en el Celler Bartolom\u00e9Vi\u00f1edos centenarios en terreno de terrazas imposibles El Priorat es una tierra con una fuerte identidad vin\u00edcola, m\u00edstica, austera, de orograf\u00eda compleja, aislada, con tortuosas terrazas y laderas tapizadas de vi\u00f1edos. Pueblos compactos, empinadas, bajo el amparo de las pe\u00f1as del Montsant.Vinos de terru\u00f1o \u00fanicosVisita y [&hellip;]<\/p>\n","protected":false},"author":1,"featured_media":0,"parent":0,"menu_order":0,"comment_status":"closed","ping_status":"closed","template":"","meta":{"_acf_changed":false,"_et_pb_use_builder":"on","_et_pb_old_content":"","_et_gb_content_width":"","footnotes":""},"class_list":["post-23","page","type-page","status-publish","hentry"],"acf":[],"_links":{"self":[{"href":"https:\/\/www.cellerbartolome.com\/es\/wp-json\/wp\/v2\/pages\/23","targetHints":{"allow":["GET"]}}],"collection":[{"href":"https:\/\/www.cellerbartolome.com\/es\/wp-json\/wp\/v2\/pages"}],"about":[{"href":"https:\/\/www.cellerbartolome.com\/es\/wp-json\/wp\/v2\/types\/page"}],"author":[{"embeddable":true,"href":"https:\/\/www.cellerbartolome.com\/es\/wp-json\/wp\/v2\/users\/1"}],"replies":[{"embeddable":true,"href":"https:\/\/www.cellerbartolome.com\/es\/wp-json\/wp\/v2\/comments?post=23"}],"version-history":[{"count":10,"href":"https:\/\/www.cellerbartolome.com\/es\/wp-json\/wp\/v2\/pages\/23\/revisions"}],"predecessor-version":[{"id":1395,"href":"https:\/\/www.cellerbartolome.com\/es\/wp-json\/wp\/v2\/pages\/23\/revisions\/1395"}],"wp:attachment":[{"href":"https:\/\/www.cellerbartolome.com\/es\/wp-json\/wp\/v2\/media?parent=23"}],"curies":[{"name":"wp","href":"https:\/\/api.w.org\/{rel}","templated":true}]}}